{"id":6421,"date":"2020-11-21T09:57:50","date_gmt":"2020-11-21T09:57:50","guid":{"rendered":"https:\/\/estudiar.vamtam.com\/?page_id=6421"},"modified":"2026-03-18T12:32:01","modified_gmt":"2026-03-18T12:32:01","slug":"investiguem-formacion-en-investigacion-inclusiva","status":"publish","type":"page","link":"https:\/\/investiguem.com\/index.php\/investiguem-formacion-en-investigacion-inclusiva\/","title":{"rendered":"Ediciones Investiguem"},"content":{"rendered":"\t\t<div data-elementor-type=\"wp-page\" data-elementor-id=\"6421\" class=\"elementor elementor-6421\" data-elementor-post-type=\"page\">\n\t\t\t\t\t\t<section class=\"elementor-section elementor-top-section elementor-element elementor-element-81cd922 elementor-section-height-min-height elementor-section-boxed elementor-section-height-default elementor-section-items-middle\" data-id=\"81cd922\" data-element_type=\"section\" data-e-type=\"section\" data-settings=\"{&quot;background_background&quot;:&quot;classic&quot;,&quot;animation&quot;:&quot;none&quot;}\">\n\t\t\t\t\t\t<div class=\"elementor-container elementor-column-gap-default\">\n\t\t\t\t\t<div class=\"elementor-column elementor-col-100 elementor-top-column elementor-element elementor-element-639e86b\" data-id=\"639e86b\" data-element_type=\"column\" data-e-type=\"column\" data-settings=\"{&quot;background_background&quot;:&quot;classic&quot;}\">\n\t\t\t<div class=\"elementor-widget-wrap\">\n\t\t\t\t\t\t\t<\/div>\n\t\t<\/div>\n\t\t\t\t\t<\/div>\n\t\t<\/section>\n\t\t\t\t<section class=\"elementor-section elementor-top-section elementor-element elementor-element-5f57ff6 elementor-section-boxed elementor-section-height-default elementor-section-height-default\" data-id=\"5f57ff6\" data-element_type=\"section\" data-e-type=\"section\">\n\t\t\t\t\t\t<div class=\"elementor-container elementor-column-gap-no\">\n\t\t\t\t\t<div class=\"elementor-column elementor-col-50 elementor-top-column elementor-element elementor-element-972b5b6 animated-fast elementor-invisible\" data-id=\"972b5b6\" data-element_type=\"column\" data-e-type=\"column\" data-settings=\"{&quot;background_background&quot;:&quot;classic&quot;,&quot;animation&quot;:&quot;fadeIn&quot;,&quot;animation_delay&quot;:100,&quot;animation_tablet&quot;:&quot;none&quot;,&quot;animation_mobile&quot;:&quot;none&quot;}\">\n\t\t\t<div class=\"elementor-widget-wrap elementor-element-populated\">\n\t\t\t\t\t\t<div class=\"elementor-element elementor-element-636e6e6 elementor-widget elementor-widget-heading\" data-id=\"636e6e6\" data-element_type=\"widget\" data-e-type=\"widget\" data-widget_type=\"heading.default\">\n\t\t\t\t<div class=\"elementor-widget-container\">\n\t\t\t\t\t<h2 class=\"elementor-heading-title elementor-size-default\">Ediciones Investiguem<\/h2>\t\t\t\t<\/div>\n\t\t\t\t<\/div>\n\t\t\t\t\t<\/div>\n\t\t<\/div>\n\t\t\t\t<div class=\"elementor-column elementor-col-50 elementor-top-column elementor-element elementor-element-5037f50 elementor-hidden-desktop elementor-hidden-tablet elementor-hidden-phone\" data-id=\"5037f50\" data-element_type=\"column\" data-e-type=\"column\">\n\t\t\t<div class=\"elementor-widget-wrap\">\n\t\t\t\t\t\t\t<\/div>\n\t\t<\/div>\n\t\t\t\t\t<\/div>\n\t\t<\/section>\n\t\t\t\t<section class=\"elementor-section elementor-top-section elementor-element elementor-element-fb6f284 elementor-section-boxed elementor-section-height-default elementor-section-height-default\" data-id=\"fb6f284\" data-element_type=\"section\" data-e-type=\"section\" data-settings=\"{&quot;background_background&quot;:&quot;classic&quot;}\">\n\t\t\t\t\t\t<div class=\"elementor-container elementor-column-gap-no\">\n\t\t\t\t\t<div class=\"elementor-column elementor-col-100 elementor-top-column elementor-element elementor-element-4a0e72f\" data-id=\"4a0e72f\" data-element_type=\"column\" data-e-type=\"column\">\n\t\t\t<div class=\"elementor-widget-wrap elementor-element-populated\">\n\t\t\t\t\t\t<div class=\"elementor-element elementor-element-1316f92 elementor-widget elementor-widget-image\" data-id=\"1316f92\" data-element_type=\"widget\" data-e-type=\"widget\" data-widget_type=\"image.default\">\n\t\t\t\t<div class=\"elementor-widget-container\">\n\t\t\t\t\t\t\t\t\t<div class=\"elementor-image\">\n\t\t\t\t\t\t\t\t\t\t\t\t\t\t\t\t\t\t\t\t\t<img fetchpriority=\"high\" decoding=\"async\" width=\"768\" height=\"290\" src=\"https:\/\/investiguem.com\/wp-content\/uploads\/2022\/10\/cropped-in.LOGO_.color_-768x290.png\" class=\"attachment-medium_large size-medium_large wp-image-24340\" alt=\"\" srcset=\"https:\/\/investiguem.com\/wp-content\/uploads\/2022\/10\/cropped-in.LOGO_.color_-768x290.png 768w, https:\/\/investiguem.com\/wp-content\/uploads\/2022\/10\/cropped-in.LOGO_.color_-300x113.png 300w, https:\/\/investiguem.com\/wp-content\/uploads\/2022\/10\/cropped-in.LOGO_.color_-1024x386.png 1024w, https:\/\/investiguem.com\/wp-content\/uploads\/2022\/10\/cropped-in.LOGO_.color_.png 1418w\" sizes=\"(max-width: 768px) 100vw, 768px\" \/>\t\t\t\t\t\t\t\t\t\t\t\t\t\t\t\t\t\t\t\t\t\t\t\t<\/div>\n\t\t\t\t\t\t\t\t<\/div>\n\t\t\t\t<\/div>\n\t\t\t\t<div class=\"elementor-element elementor-element-1014700 elementor-widget elementor-widget-spacer\" data-id=\"1014700\" data-element_type=\"widget\" data-e-type=\"widget\" data-widget_type=\"spacer.default\">\n\t\t\t\t<div class=\"elementor-widget-container\">\n\t\t\t\t\t\t\t<div class=\"elementor-spacer\">\n\t\t\t<div class=\"elementor-spacer-inner\"><\/div>\n\t\t<\/div>\n\t\t\t\t\t\t<\/div>\n\t\t\t\t<\/div>\n\t\t\t\t<div class=\"elementor-element elementor-element-18999ce elementor-widget elementor-widget-text-editor\" data-id=\"18999ce\" data-element_type=\"widget\" data-e-type=\"widget\" data-widget_type=\"text-editor.default\">\n\t\t\t\t<div class=\"elementor-widget-container\">\n\t\t\t\t\t\t\t\t\t<p>El <b>programa formativo<\/b> <b>\u201cInvestiguem\u201d<\/b>\u00a0 que tiene como objetivo <b>desarrollar una formaci\u00f3n<\/b> que permita a los estudiantes conocer qu\u00e9 es investigar, participar como investigadores e investigadoras en dichos procesos, aportando desde su experiencia sobre la discapacidad, y formando parte posteriormente de <b>equipos de investigaci\u00f3n ampliados<\/b> en lo que puedan decidir llevar a cabo sus propias investigaciones. Consta de un total de 24 horas de formaci\u00f3n divididas en 4 sesiones centradas en aspectos tanto te\u00f3ricos como pr\u00e1cticos en torno a la <b>investigaci\u00f3n inclusiva<\/b> (16 horas), y en 2 sesiones mas horas de tutor\u00eda,\u00a0<span style=\"letter-spacing: var(--vamtam-primary-font-letter-spacing-desktop,normal); text-transform: var(--vamtam-primary-font-transform,none);\">acompa\u00f1amiento y acceso al campo (8 horas).<\/span><\/p>\t\t\t\t\t\t\t\t<\/div>\n\t\t\t\t<\/div>\n\t\t\t\t\t<\/div>\n\t\t<\/div>\n\t\t\t\t\t<\/div>\n\t\t<\/section>\n\t\t\t\t<section class=\"elementor-section elementor-top-section elementor-element elementor-element-0dfafed elementor-section-boxed elementor-section-height-default elementor-section-height-default\" data-id=\"0dfafed\" data-element_type=\"section\" data-e-type=\"section\">\n\t\t\t\t\t\t<div class=\"elementor-container elementor-column-gap-default\">\n\t\t\t\t\t<div class=\"elementor-column elementor-col-100 elementor-top-column elementor-element elementor-element-26796f5\" data-id=\"26796f5\" data-element_type=\"column\" data-e-type=\"column\">\n\t\t\t<div class=\"elementor-widget-wrap\">\n\t\t\t\t\t\t\t<\/div>\n\t\t<\/div>\n\t\t\t\t\t<\/div>\n\t\t<\/section>\n\t\t\t\t<\/div>\n\t\t","protected":false},"excerpt":{"rendered":"<p>Ediciones Investiguem El programa formativo \u201cInvestiguem\u201d\u00a0 que tiene como objetivo desarrollar una formaci\u00f3n que permita a los estudiantes conocer qu\u00e9 es investigar, participar como investigadores e investigadoras en dichos procesos, aportando desde su experiencia sobre la discapacidad, y formando parte posteriormente de equipos de investigaci\u00f3n ampliados en lo que puedan decidir llevar a cabo sus&#8230;<\/p>\n","protected":false},"author":1,"featured_media":0,"parent":0,"menu_order":0,"comment_status":"closed","ping_status":"closed","template":"","meta":{"footnotes":""},"class_list":["post-6421","page","type-page","status-publish","hentry"],"yoast_head":"<!-- This site is optimized with the Yoast SEO plugin v27.2 - https:\/\/yoast.com\/product\/yoast-seo-wordpress\/ -->\n<title>Ediciones Investiguem - Investiguem<\/title>\n<meta name=\"robots\" content=\"index, follow, max-snippet:-1, max-image-preview:large, max-video-preview:-1\" \/>\n<link rel=\"canonical\" href=\"https:\/\/investiguem.com\/index.php\/investiguem-formacion-en-investigacion-inclusiva\/\" \/>\n<meta property=\"og:locale\" content=\"es_ES\" \/>\n<meta property=\"og:type\" content=\"article\" \/>\n<meta property=\"og:title\" content=\"Ediciones Investiguem - Investiguem\" \/>\n<meta property=\"og:description\" content=\"Ediciones Investiguem El programa formativo \u201cInvestiguem\u201d\u00a0 que tiene como objetivo desarrollar una formaci\u00f3n que permita a los estudiantes conocer qu\u00e9 es investigar, participar como investigadores e investigadoras en dichos procesos, aportando desde su experiencia sobre la discapacidad, y formando parte posteriormente de equipos de investigaci\u00f3n ampliados en lo que puedan decidir llevar a cabo sus...\" \/>\n<meta property=\"og:url\" content=\"https:\/\/investiguem.com\/index.php\/investiguem-formacion-en-investigacion-inclusiva\/\" \/>\n<meta property=\"og:site_name\" content=\"Investiguem\" \/>\n<meta property=\"article:modified_time\" content=\"2026-03-18T12:32:01+00:00\" \/>\n<meta property=\"og:image\" content=\"https:\/\/investiguem.com\/wp-content\/uploads\/2022\/10\/cropped-in.LOGO_.color_.png\" \/>\n\t<meta property=\"og:image:width\" content=\"1418\" \/>\n\t<meta property=\"og:image:height\" content=\"535\" \/>\n\t<meta property=\"og:image:type\" content=\"image\/png\" \/>\n<meta name=\"twitter:card\" content=\"summary_large_image\" \/>\n<meta name=\"twitter:label1\" content=\"Tiempo de lectura\" \/>\n\t<meta name=\"twitter:data1\" content=\"1 minuto\" \/>\n<script type=\"application\/ld+json\" class=\"yoast-schema-graph\">{\"@context\":\"https:\/\/schema.org\",\"@graph\":[{\"@type\":\"WebPage\",\"@id\":\"https:\/\/investiguem.com\/index.php\/investiguem-formacion-en-investigacion-inclusiva\/\",\"url\":\"https:\/\/investiguem.com\/index.php\/investiguem-formacion-en-investigacion-inclusiva\/\",\"name\":\"Ediciones Investiguem - Investiguem\",\"isPartOf\":{\"@id\":\"https:\/\/investiguem.com\/#website\"},\"primaryImageOfPage\":{\"@id\":\"https:\/\/investiguem.com\/index.php\/investiguem-formacion-en-investigacion-inclusiva\/#primaryimage\"},\"image\":{\"@id\":\"https:\/\/investiguem.com\/index.php\/investiguem-formacion-en-investigacion-inclusiva\/#primaryimage\"},\"thumbnailUrl\":\"https:\/\/investiguem.com\/wp-content\/uploads\/2022\/10\/cropped-in.LOGO_.color_-768x290.png\",\"datePublished\":\"2020-11-21T09:57:50+00:00\",\"dateModified\":\"2026-03-18T12:32:01+00:00\",\"breadcrumb\":{\"@id\":\"https:\/\/investiguem.com\/index.php\/investiguem-formacion-en-investigacion-inclusiva\/#breadcrumb\"},\"inLanguage\":\"es\",\"potentialAction\":[{\"@type\":\"ReadAction\",\"target\":[\"https:\/\/investiguem.com\/index.php\/investiguem-formacion-en-investigacion-inclusiva\/\"]}]},{\"@type\":\"ImageObject\",\"inLanguage\":\"es\",\"@id\":\"https:\/\/investiguem.com\/index.php\/investiguem-formacion-en-investigacion-inclusiva\/#primaryimage\",\"url\":\"https:\/\/investiguem.com\/wp-content\/uploads\/2022\/10\/cropped-in.LOGO_.color_.png\",\"contentUrl\":\"https:\/\/investiguem.com\/wp-content\/uploads\/2022\/10\/cropped-in.LOGO_.color_.png\",\"width\":1418,\"height\":535},{\"@type\":\"BreadcrumbList\",\"@id\":\"https:\/\/investiguem.com\/index.php\/investiguem-formacion-en-investigacion-inclusiva\/#breadcrumb\",\"itemListElement\":[{\"@type\":\"ListItem\",\"position\":1,\"name\":\"Home\",\"item\":\"https:\/\/investiguem.com\/\"},{\"@type\":\"ListItem\",\"position\":2,\"name\":\"Ediciones Investiguem\"}]},{\"@type\":\"WebSite\",\"@id\":\"https:\/\/investiguem.com\/#website\",\"url\":\"https:\/\/investiguem.com\/\",\"name\":\"Investiguem\",\"description\":\"\",\"publisher\":{\"@id\":\"https:\/\/investiguem.com\/#organization\"},\"potentialAction\":[{\"@type\":\"SearchAction\",\"target\":{\"@type\":\"EntryPoint\",\"urlTemplate\":\"https:\/\/investiguem.com\/?s={search_term_string}\"},\"query-input\":{\"@type\":\"PropertyValueSpecification\",\"valueRequired\":true,\"valueName\":\"search_term_string\"}}],\"inLanguage\":\"es\"},{\"@type\":\"Organization\",\"@id\":\"https:\/\/investiguem.com\/#organization\",\"name\":\"Investiguem\",\"url\":\"https:\/\/investiguem.com\/\",\"logo\":{\"@type\":\"ImageObject\",\"inLanguage\":\"es\",\"@id\":\"https:\/\/investiguem.com\/#\/schema\/logo\/image\/\",\"url\":\"https:\/\/investiguem.com\/wp-content\/uploads\/2024\/11\/cropped-logo-investiguem.png\",\"contentUrl\":\"https:\/\/investiguem.com\/wp-content\/uploads\/2024\/11\/cropped-logo-investiguem.png\",\"width\":355,\"height\":293,\"caption\":\"Investiguem\"},\"image\":{\"@id\":\"https:\/\/investiguem.com\/#\/schema\/logo\/image\/\"}}]}<\/script>\n<!-- \/ Yoast SEO plugin. -->","yoast_head_json":{"title":"Ediciones Investiguem - Investiguem","robots":{"index":"index","follow":"follow","max-snippet":"max-snippet:-1","max-image-preview":"max-image-preview:large","max-video-preview":"max-video-preview:-1"},"canonical":"https:\/\/investiguem.com\/index.php\/investiguem-formacion-en-investigacion-inclusiva\/","og_locale":"es_ES","og_type":"article","og_title":"Ediciones Investiguem - Investiguem","og_description":"Ediciones Investiguem El programa formativo \u201cInvestiguem\u201d\u00a0 que tiene como objetivo desarrollar una formaci\u00f3n que permita a los estudiantes conocer qu\u00e9 es investigar, participar como investigadores e investigadoras en dichos procesos, aportando desde su experiencia sobre la discapacidad, y formando parte posteriormente de equipos de investigaci\u00f3n ampliados en lo que puedan decidir llevar a cabo sus...","og_url":"https:\/\/investiguem.com\/index.php\/investiguem-formacion-en-investigacion-inclusiva\/","og_site_name":"Investiguem","article_modified_time":"2026-03-18T12:32:01+00:00","og_image":[{"width":1418,"height":535,"url":"https:\/\/investiguem.com\/wp-content\/uploads\/2022\/10\/cropped-in.LOGO_.color_.png","type":"image\/png"}],"twitter_card":"summary_large_image","twitter_misc":{"Tiempo de lectura":"1 minuto"},"schema":{"@context":"https:\/\/schema.org","@graph":[{"@type":"WebPage","@id":"https:\/\/investiguem.com\/index.php\/investiguem-formacion-en-investigacion-inclusiva\/","url":"https:\/\/investiguem.com\/index.php\/investiguem-formacion-en-investigacion-inclusiva\/","name":"Ediciones Investiguem - Investiguem","isPartOf":{"@id":"https:\/\/investiguem.com\/#website"},"primaryImageOfPage":{"@id":"https:\/\/investiguem.com\/index.php\/investiguem-formacion-en-investigacion-inclusiva\/#primaryimage"},"image":{"@id":"https:\/\/investiguem.com\/index.php\/investiguem-formacion-en-investigacion-inclusiva\/#primaryimage"},"thumbnailUrl":"https:\/\/investiguem.com\/wp-content\/uploads\/2022\/10\/cropped-in.LOGO_.color_-768x290.png","datePublished":"2020-11-21T09:57:50+00:00","dateModified":"2026-03-18T12:32:01+00:00","breadcrumb":{"@id":"https:\/\/investiguem.com\/index.php\/investiguem-formacion-en-investigacion-inclusiva\/#breadcrumb"},"inLanguage":"es","potentialAction":[{"@type":"ReadAction","target":["https:\/\/investiguem.com\/index.php\/investiguem-formacion-en-investigacion-inclusiva\/"]}]},{"@type":"ImageObject","inLanguage":"es","@id":"https:\/\/investiguem.com\/index.php\/investiguem-formacion-en-investigacion-inclusiva\/#primaryimage","url":"https:\/\/investiguem.com\/wp-content\/uploads\/2022\/10\/cropped-in.LOGO_.color_.png","contentUrl":"https:\/\/investiguem.com\/wp-content\/uploads\/2022\/10\/cropped-in.LOGO_.color_.png","width":1418,"height":535},{"@type":"BreadcrumbList","@id":"https:\/\/investiguem.com\/index.php\/investiguem-formacion-en-investigacion-inclusiva\/#breadcrumb","itemListElement":[{"@type":"ListItem","position":1,"name":"Home","item":"https:\/\/investiguem.com\/"},{"@type":"ListItem","position":2,"name":"Ediciones Investiguem"}]},{"@type":"WebSite","@id":"https:\/\/investiguem.com\/#website","url":"https:\/\/investiguem.com\/","name":"Investiguem","description":"","publisher":{"@id":"https:\/\/investiguem.com\/#organization"},"potentialAction":[{"@type":"SearchAction","target":{"@type":"EntryPoint","urlTemplate":"https:\/\/investiguem.com\/?s={search_term_string}"},"query-input":{"@type":"PropertyValueSpecification","valueRequired":true,"valueName":"search_term_string"}}],"inLanguage":"es"},{"@type":"Organization","@id":"https:\/\/investiguem.com\/#organization","name":"Investiguem","url":"https:\/\/investiguem.com\/","logo":{"@type":"ImageObject","inLanguage":"es","@id":"https:\/\/investiguem.com\/#\/schema\/logo\/image\/","url":"https:\/\/investiguem.com\/wp-content\/uploads\/2024\/11\/cropped-logo-investiguem.png","contentUrl":"https:\/\/investiguem.com\/wp-content\/uploads\/2024\/11\/cropped-logo-investiguem.png","width":355,"height":293,"caption":"Investiguem"},"image":{"@id":"https:\/\/investiguem.com\/#\/schema\/logo\/image\/"}}]}},"_links":{"self":[{"href":"https:\/\/investiguem.com\/index.php\/wp-json\/wp\/v2\/pages\/6421","targetHints":{"allow":["GET"]}}],"collection":[{"href":"https:\/\/investiguem.com\/index.php\/wp-json\/wp\/v2\/pages"}],"about":[{"href":"https:\/\/investiguem.com\/index.php\/wp-json\/wp\/v2\/types\/page"}],"author":[{"embeddable":true,"href":"https:\/\/investiguem.com\/index.php\/wp-json\/wp\/v2\/users\/1"}],"replies":[{"embeddable":true,"href":"https:\/\/investiguem.com\/index.php\/wp-json\/wp\/v2\/comments?post=6421"}],"version-history":[{"count":134,"href":"https:\/\/investiguem.com\/index.php\/wp-json\/wp\/v2\/pages\/6421\/revisions"}],"predecessor-version":[{"id":25780,"href":"https:\/\/investiguem.com\/index.php\/wp-json\/wp\/v2\/pages\/6421\/revisions\/25780"}],"wp:attachment":[{"href":"https:\/\/investiguem.com\/index.php\/wp-json\/wp\/v2\/media?parent=6421"}],"curies":[{"name":"wp","href":"https:\/\/api.w.org\/{rel}","templated":true}]}}